{"id":180,"date":"2022-09-04T19:53:11","date_gmt":"2022-09-04T18:53:11","guid":{"rendered":"https:\/\/fasciatherapie.org\/frenchies2montreal\/?page_id=180"},"modified":"2022-09-04T19:53:18","modified_gmt":"2022-09-04T18:53:18","slug":"christophe-galli","status":"publish","type":"page","link":"https:\/\/fasciatherapie.org\/frenchies2montreal\/christophe-galli\/","title":{"rendered":"Christophe Galli"},"content":{"rendered":"<p><img loading=\"lazy\" decoding=\"async\" class=\"alignleft size-medium wp-image-181\" src=\"https:\/\/fasciatherapie.org\/frenchies2montreal\/wp-content\/uploads\/2022\/09\/IMG_E0543-scaled-e1662282253559-276x300.jpg\" alt=\"\" width=\"276\" height=\"300\" srcset=\"https:\/\/fasciatherapie.org\/frenchies2montreal\/wp-content\/uploads\/2022\/09\/IMG_E0543-scaled-e1662282253559-276x300.jpg 276w, https:\/\/fasciatherapie.org\/frenchies2montreal\/wp-content\/uploads\/2022\/09\/IMG_E0543-scaled-e1662282253559-943x1024.jpg 943w, https:\/\/fasciatherapie.org\/frenchies2montreal\/wp-content\/uploads\/2022\/09\/IMG_E0543-scaled-e1662282253559-768x834.jpg 768w, https:\/\/fasciatherapie.org\/frenchies2montreal\/wp-content\/uploads\/2022\/09\/IMG_E0543-scaled-e1662282253559-1414x1536.jpg 1414w, https:\/\/fasciatherapie.org\/frenchies2montreal\/wp-content\/uploads\/2022\/09\/IMG_E0543-scaled-e1662282253559-1885x2048.jpg 1885w, https:\/\/fasciatherapie.org\/frenchies2montreal\/wp-content\/uploads\/2022\/09\/IMG_E0543-scaled-e1662282253559.jpg 1920w\" sizes=\"auto, (max-width: 276px) 100vw, 276px\" \/><\/p>\n<p>Masseur-kin\u00e9sith\u00e9rapeute, Fasciath\u00e9rapeute,<\/p>\n<p>Formateur en Fasciath\u00e9rapie \u00e0 TMG Concept.<\/p>\n<h3>Principales publications et communications :<\/h3>\n<ul>\n<li>Pr\u00e9sentation d\u2019une communication au congr\u00e8s de R\u00e9animation de la Soci\u00e9t\u00e9 de R\u00e9animation en Langue Fran\u00e7aise (2021) : <em>\u00ab\u00a0Cr\u00e9ation d&rsquo;une \u00e9quipe de kin\u00e9sith\u00e9rapeutes en renfort d&rsquo;un service de r\u00e9animation Covid-19 : Un r\u00f4le pivot dans la mise en \u0153uvre des d\u00e9cubitus ventraux.\u00a0\u00bb<\/em><\/li>\n<li>R\u00e9alisation d\u2019un Webinar pour les professionnels de sant\u00e9 en anticipation de crise COVID en (Mars 2020) : \u00ab\u00a0<em>la ventilation m\u00e9canique en r\u00e9animation<\/em>\u00a0: <em>bases physio-pathologiques et savoir prendre des informations sur les respirateurs de r\u00e9animation.\u00a0\u00bb<\/em><\/li>\n<li>Ouverture du congr\u00e8s de kin\u00e9sith\u00e9rapie et de fasciath\u00e9rapie \u00ab\u00a0perspectives en kin\u00e9sith\u00e9rapie et fasciath\u00e9rapie\u00a0\u00bb (2010). Pr\u00e9sentation de la coh\u00e9rence de transformation des deux m\u00e9tiers vers le monde universitaire et des rapprochements que cela peut induire.<\/li>\n<li><em>la Fasciath\u00e9rapie dans la prise en charge de la migraine<\/em>, soir\u00e9e d&rsquo;information sur la prise en charge pluridisciplinaire de la migraine, organis\u00e9 par le CLUD (comit\u00e9 de lutte contre la douleur) du centre hospitalier de Dourdan, (2004 et2006).<\/li>\n<\/ul>\n<p>&nbsp;<\/p>\n<p>&nbsp;<\/p>\n<p>&nbsp;<\/p>\n<p>&nbsp;<\/p>\n","protected":false},"excerpt":{"rendered":"<p>Masseur-kin\u00e9sith\u00e9rapeute, Fasciath\u00e9rapeute, Formateur en Fasciath\u00e9rapie \u00e0 TMG Concept. Principales publications et communications : Pr\u00e9sentation d\u2019une communication au congr\u00e8s de R\u00e9animation de la Soci\u00e9t\u00e9 de R\u00e9animation en Langue Fran\u00e7aise (2021) : \u00ab\u00a0Cr\u00e9ation d&rsquo;une \u00e9quipe de kin\u00e9sith\u00e9rapeutes en renfort d&rsquo;un service de r\u00e9animation Covid-19 : Un r\u00f4le pivot dans la mise en [&#8230;]<\/p>\n","protected":false},"author":3,"featured_media":0,"parent":0,"menu_order":0,"comment_status":"closed","ping_status":"closed","template":"","meta":{"footnotes":""},"class_list":["post-180","page","type-page","status-publish","hentry"],"_links":{"self":[{"href":"https:\/\/fasciatherapie.org\/frenchies2montreal\/wp-json\/wp\/v2\/pages\/180","targetHints":{"allow":["GET"]}}],"collection":[{"href":"https:\/\/fasciatherapie.org\/frenchies2montreal\/wp-json\/wp\/v2\/pages"}],"about":[{"href":"https:\/\/fasciatherapie.org\/frenchies2montreal\/wp-json\/wp\/v2\/types\/page"}],"author":[{"embeddable":true,"href":"https:\/\/fasciatherapie.org\/frenchies2montreal\/wp-json\/wp\/v2\/users\/3"}],"replies":[{"embeddable":true,"href":"https:\/\/fasciatherapie.org\/frenchies2montreal\/wp-json\/wp\/v2\/comments?post=180"}],"version-history":[{"count":2,"href":"https:\/\/fasciatherapie.org\/frenchies2montreal\/wp-json\/wp\/v2\/pages\/180\/revisions"}],"predecessor-version":[{"id":202,"href":"https:\/\/fasciatherapie.org\/frenchies2montreal\/wp-json\/wp\/v2\/pages\/180\/revisions\/202"}],"wp:attachment":[{"href":"https:\/\/fasciatherapie.org\/frenchies2montreal\/wp-json\/wp\/v2\/media?parent=180"}],"curies":[{"name":"wp","href":"https:\/\/api.w.org\/{rel}","templated":true}]}}